{"id":10480,"date":"2025-01-31T16:57:05","date_gmt":"2025-01-31T16:57:05","guid":{"rendered":"https:\/\/zanabuna.ro\/index.php\/product\/resigilat-filtru-aluminiu-antigrasime-principal-hota-pyramis-compatibil\/"},"modified":"2025-01-31T16:57:05","modified_gmt":"2025-01-31T16:57:05","slug":"resigilat-filtru-aluminiu-antigrasime-principal-hota-pyramis-compatibil","status":"publish","type":"product","link":"https:\/\/zanabuna.ro\/index.php\/product\/resigilat-filtru-aluminiu-antigrasime-principal-hota-pyramis-compatibil\/","title":{"rendered":"RESIGILAT &#8211; Filtru aluminiu antigrasime principal hota Pyramis &#8211; compatibil"},"content":{"rendered":"<p><a href=\"https:\/\/alazet.ro\/piese-hote\/1558-filtru-aluminiu-antigrasime-principal-hota-pyramis-compatibil.html\">Filtru aluminiu antigrasime principal hota Pyramis \/ Amica \/ Hansa &#8211; compatibil.<\/a><\/p>\n<p>Filtrul pentru hota de buc\u0103t\u0103rie este o component\u0103 esen\u021bial\u0103 pentru func\u021bionarea eficient\u0103 a aparatului. Acest filtru hota are rolul de a captura \u0219i re\u021bine gr\u0103simile, vaporiile \u0219i mirosurile care sunt produse \u00een timpul g\u0103titului, asigur\u00e2ndu-se c\u0103 aerul evacuat este curat \u0219i f\u0103r\u0103 impurit\u0103\u021bi. Filtru hota poate fi de dou\u0103 tipuri principale: filtru cu carbon activ \u0219i filtru metalic.<\/p>\n<p>Filtrul cu carbon activ este eficient \u00een eliminarea mirosurilor nepl\u0103cute, deoarece carbonul activ are proprietatea de a absoarbe mirosurile. Acest tip de filtru trebuie \u00eenlocuit periodic, deoarece capacitatea acestuia de a captura mirosurile se va diminua \u00een timp.<\/p>\n<p>Filtru hota metalic este fabricat din aluminiu sau inox \u0219i are rolul de a re\u021bine gr\u0103simile \u0219i particulele de m\u00e2ncare. Acesta poate fi cur\u0103\u021bat \u0219i reutilizat, dar este recomandat s\u0103 fie cur\u0103\u021bat regulat pentru a men\u021bine eficien\u021ba acestuia.<\/p>\n<p>Este important s\u0103 verifici \u0219i s\u0103 \u00eentre\u021bii filtrul hota periodic, \u00eenlocuindu-l sau cur\u0103\u021b\u00e2ndu-l conform instruc\u021biunilor produc\u0103torului, pentru a asigura o func\u021bionare optim\u0103 a hotei \u0219i a men\u021bine o calitate ridicat\u0103 a aerului din buc\u0103t\u0103rie.<\/p>\n<p><strong>Specificatii:<\/strong><\/p>\n<ul>\n<li>Tip: Filtru metal<\/li>\n<li>Lungime: 47.7 cm<\/li>\n<li>Latime: 20.4 cm<\/li>\n<li>Inaltime: 9 mm<\/li>\n<li>Distanta sistem prindere la extremitati: 5.9 cm<\/li>\n<li>Distanta sistem prindere intre cele 2 gheare de prindere: 4.5 cm<\/li>\n<li>Latime gheare de prindere: 7 mm<\/li>\n<\/ul>\n<h2>Compatibilitati filtru aluminiu antigrasime principal hota <a href=\"https:\/\/www.pyramis.ro\/ro-RO\/welcome\/\">Pyramis<\/a>:<\/h2>\n<p><strong>Pyramis:<\/strong><\/p>\n<p>Toate modelele Pyramis care au filtrul principal cu dimensiunile specificate mai sus. Masurati dimensiunile filtrului dvs inainte de a face comanda.<\/p>\n<p><strong>Amica:<\/strong><\/p>\n<ul>\n<li>3AF3641B, 3AF3641X<\/li>\n<li>CTE61SS, CTE61SS1<\/li>\n<li>EFU60100, EFU60100X, EFU60200, EFU60200X, EFU60390<\/li>\n<li>FH17161E, FH171611E, FH172311E, FH660600E, FH664620S, FH664620E<\/li>\n<li>OTS615I, OTS615IH, OTS615W, OTS625IH, OTS625W, OTS625WH, OTS626IH, OTS6234I, OTS6234W, OTS6235I, OTS6235W, OTS6236I, OTS6236W, OTS6512I, OTS6251WH<\/li>\n<\/ul>\n<p><strong>Hansa:<\/strong><\/p>\n<ul>\n<li>OTS6226IH\u00a0<\/li>\n<li>OTS6226IH<\/li>\n<li>OTS626IH<\/li>\n<li>OTS615IH\u00a0<\/li>\n<\/ul>\n","protected":false},"excerpt":{"rendered":"<p>Filtru aluminiu antigrasime principal hota Pyramis &#8211; compatibil.\u00a0<\/p>\n","protected":false},"featured_media":10476,"comment_status":"open","ping_status":"closed","template":"","meta":[],"product_brand":[],"product_cat":[],"product_tag":[83924,83925,83926,83927,83928,83929,83930,83931,83933,83932,83934,83935,83937,83936,83921,83922,83919,83914,8038,8039,83920,83915,83923,83913,46647,46649,83916,46669,46671,46651,46653,54534,83938,54527,54526,54537,83917,83918,83939,83912],"class_list":{"0":"post-10480","1":"product","2":"type-product","3":"status-publish","4":"has-post-thumbnail","6":"product_tag-3af3641b","7":"product_tag-3af3641x-cte61ss","8":"product_tag-cte61ss1","9":"product_tag-efu60100","10":"product_tag-efu60100x","11":"product_tag-efu60200","12":"product_tag-efu60200x","13":"product_tag-efu60390","14":"product_tag-fh171611e","15":"product_tag-fh17161e","16":"product_tag-fh172311e","17":"product_tag-fh660600e","18":"product_tag-fh664620e-ots615i","19":"product_tag-fh664620s","20":"product_tag-filtru-aluminiu-hota-pyramis","21":"product_tag-filtru-aluminiu-principal-hota-p","22":"product_tag-filtru-aluminiu-pyramis","23":"product_tag-filtru-antigrasime-pyramis","24":"product_tag-filtru-hota-amica","25":"product_tag-filtru-hota-hansa","26":"product_tag-filtru-hota-pyramis","27":"product_tag-filtru-metalic-pyramis","28":"product_tag-filtru-principal-pyramis","29":"product_tag-filtru-pyramis","30":"product_tag-ots615ih","31":"product_tag-ots615w","32":"product_tag-ots6226ih","33":"product_tag-ots6234i","34":"product_tag-ots6234w","35":"product_tag-ots6235i","36":"product_tag-ots6235w","37":"product_tag-ots6236i","38":"product_tag-ots6236w","39":"product_tag-ots6251wh","40":"product_tag-ots625ih","41":"product_tag-ots625w","42":"product_tag-ots625wh","43":"product_tag-ots626ih","44":"product_tag-ots6512i","45":"product_tag-pyramis","47":"first","48":"instock","49":"sale","50":"shipping-taxable","51":"purchasable","52":"product-type-simple"},"_links":{"self":[{"href":"https:\/\/zanabuna.ro\/index.php\/wp-json\/wp\/v2\/product\/10480","targetHints":{"allow":["GET"]}}],"collection":[{"href":"https:\/\/zanabuna.ro\/index.php\/wp-json\/wp\/v2\/product"}],"about":[{"href":"https:\/\/zanabuna.ro\/index.php\/wp-json\/wp\/v2\/types\/product"}],"replies":[{"embeddable":true,"href":"https:\/\/zanabuna.ro\/index.php\/wp-json\/wp\/v2\/comments?post=10480"}],"wp:featuredmedia":[{"embeddable":true,"href":"https:\/\/zanabuna.ro\/index.php\/wp-json\/wp\/v2\/media\/10476"}],"wp:attachment":[{"href":"https:\/\/zanabuna.ro\/index.php\/wp-json\/wp\/v2\/media?parent=10480"}],"wp:term":[{"taxonomy":"product_brand","embeddable":true,"href":"https:\/\/zanabuna.ro\/index.php\/wp-json\/wp\/v2\/product_brand?post=10480"},{"taxonomy":"product_cat","embeddable":true,"href":"https:\/\/zanabuna.ro\/index.php\/wp-json\/wp\/v2\/product_cat?post=10480"},{"taxonomy":"product_tag","embeddable":true,"href":"https:\/\/zanabuna.ro\/index.php\/wp-json\/wp\/v2\/product_tag?post=10480"}],"curies":[{"name":"wp","href":"https:\/\/api.w.org\/{rel}","templated":true}]}}